{"id":76,"date":"2025-02-09T18:45:13","date_gmt":"2025-02-09T17:45:13","guid":{"rendered":"https:\/\/dewez.org\/?page_id=76"},"modified":"2025-02-09T23:03:54","modified_gmt":"2025-02-09T22:03:54","slug":"contes-romans","status":"publish","type":"page","link":"https:\/\/dewez.org\/?page_id=76","title":{"rendered":"Contes &amp; Romans"},"content":{"rendered":"\n<div class=\"wp-block-media-text is-stacked-on-mobile\"><figure class=\"wp-block-media-text__media\"><img loading=\"lazy\" decoding=\"async\" width=\"705\" height=\"1003\" src=\"https:\/\/dewez.org\/wp-content\/uploads\/2025\/02\/Is-there-a-choice-CADW.jpg\" alt=\"\" class=\"wp-image-89 size-full\" srcset=\"https:\/\/dewez.org\/wp-content\/uploads\/2025\/02\/Is-there-a-choice-CADW.jpg 705w, https:\/\/dewez.org\/wp-content\/uploads\/2025\/02\/Is-there-a-choice-CADW-211x300.jpg 211w\" sizes=\"auto, (max-width: 705px) 100vw, 705px\" \/><\/figure><div class=\"wp-block-media-text__content\">\n<p>Until the day she suffers a terrible car accident that turns her life completely upside down, C\u00e9line, a young woman in her thirties, has had a clear and very happy life: a blooming youth, successful studies, a husband she loves, healthy children, an interesting job&#8230; What else could she dream of? <br>But fate strikes, forcing C\u00e9line to make fundamental choices, alone and against all odds. She will be spared nothing. But in that nothing, she senses that a rebirth can emerge and lead her towards a new happiness. But at what price?<br>And&#8230; <a href=\"https:\/\/dewez.org\/?page_id=91\" data-type=\"page\" data-id=\"91\"><mark style=\"background-color:rgba(0, 0, 0, 0)\" class=\"has-inline-color has-luminous-vivid-orange-color\"><em>Is there a choice<\/em><\/mark><\/a> ?<\/p>\n<\/div><\/div>\n\n\n\n<div class=\"wp-block-media-text is-stacked-on-mobile\"><figure class=\"wp-block-media-text__media\"><img loading=\"lazy\" decoding=\"async\" width=\"745\" height=\"1024\" src=\"https:\/\/dewez.org\/wp-content\/uploads\/2025\/02\/Et-si-j-avais-le-choix-couverture-745x1024.jpg\" alt=\"\" class=\"wp-image-105 size-full\" srcset=\"https:\/\/dewez.org\/wp-content\/uploads\/2025\/02\/Et-si-j-avais-le-choix-couverture-745x1024.jpg 745w, https:\/\/dewez.org\/wp-content\/uploads\/2025\/02\/Et-si-j-avais-le-choix-couverture-218x300.jpg 218w, https:\/\/dewez.org\/wp-content\/uploads\/2025\/02\/Et-si-j-avais-le-choix-couverture-768x1056.jpg 768w, https:\/\/dewez.org\/wp-content\/uploads\/2025\/02\/Et-si-j-avais-le-choix-couverture-1117x1536.jpg 1117w, https:\/\/dewez.org\/wp-content\/uploads\/2025\/02\/Et-si-j-avais-le-choix-couverture-1489x2048.jpg 1489w, https:\/\/dewez.org\/wp-content\/uploads\/2025\/02\/Et-si-j-avais-le-choix-couverture-scaled.jpg 1862w\" sizes=\"auto, (max-width: 745px) 100vw, 745px\" \/><\/figure><div class=\"wp-block-media-text__content\">\n<p>Jusqu&#8217;au jour o\u00f9 elle subit un terrible accident de voiture qui va compl\u00e8tement bouleverser sa vie, C\u00e9line, jeune femme d&#8217;une trentaine d&#8217;ann\u00e9es, a eu un parcours lin\u00e9aire et tr\u00e8s heureux : une belle jeunesse, une famille aimante, des \u00e9tudes r\u00e9ussies, un mari qu&#8217;elle aime, des enfants adorables, un job int\u00e9ressant\u2026Le lecteur pourrait se croire en plein conte de f\u00e9es ! Que r\u00eaver d&#8217;autre ? Mais le destin s&#8217;abat, et oblige C\u00e9line \u00e0 poser, seule, envers et contre tous, des choic fondamentaux. Rien ne lui sera \u00e9pargn\u00e9. Mais dans ce rien, elle pressent qu&#8217;une renaissance peut s&#8217;amorcer et l&#8217;orienter vers un nouveau bonheur. Mais \u00e0 quel prix ?<br><a href=\"https:\/\/dewez.org\/?page_id=99\" data-type=\"page\" data-id=\"99\"><em><mark style=\"background-color:rgba(0, 0, 0, 0)\" class=\"has-inline-color has-vivid-red-color\">Et si C\u00e9line avait le choix<\/mark><\/em><\/a> ?<\/p>\n<\/div><\/div>\n\n\n\n<div class=\"wp-block-media-text is-stacked-on-mobile\"><figure class=\"wp-block-media-text__media\"><img loading=\"lazy\" decoding=\"async\" width=\"417\" height=\"427\" src=\"https:\/\/dewez.org\/wp-content\/uploads\/2019\/04\/quand_les_enfants_racontent_les_fontaines_427.jpg\" alt=\"\" class=\"wp-image-19 size-full\" srcset=\"https:\/\/dewez.org\/wp-content\/uploads\/2019\/04\/quand_les_enfants_racontent_les_fontaines_427.jpg 417w, https:\/\/dewez.org\/wp-content\/uploads\/2019\/04\/quand_les_enfants_racontent_les_fontaines_427-293x300.jpg 293w, https:\/\/dewez.org\/wp-content\/uploads\/2019\/04\/quand_les_enfants_racontent_les_fontaines_427-50x50.jpg 50w\" sizes=\"auto, (max-width: 417px) 100vw, 417px\" \/><\/figure><div class=\"wp-block-media-text__content\">\n<p class=\"has-text-align-left\"><strong>1990: Ann\u00e9e des fontaines en Belgique.<\/strong><br>De nombreuses initiatives sont organis\u00e9es tout au long de l&#8217;ann\u00e9e 1990 pour mettre en avant les fontaines et lavoirs d&#8217;antan.<br>Chasses au tr\u00e9sor, road trips, contes, expositions: les id\u00e9es ne manquaient pas pour faire red\u00e9couvrir un patrimoine proche de nous.<br>Parmi celles-ci, le concours organis\u00e9 par le Mus\u00e9e de l&#8217;Eau et de la Fontaine, situ\u00e9 \u00e0 Genval-les-Eaux (Rixensart), proposait aux enfants de raconter les fontaines&#8230;<br><a href=\"https:\/\/dewez.org\/?page_id=78\" data-type=\"page\" data-id=\"78\"><mark style=\"background-color:rgba(0, 0, 0, 0)\" class=\"has-inline-color has-vivid-cyan-blue-color\"><em>Le g\u00e9nie de la fontaine<\/em><\/mark><\/a> fait partie des contes s\u00e9lectionn\u00e9s dans la cat\u00e9gorie <em>Adolescents<\/em>.<br><\/p>\n<\/div><\/div>\n\n\n\n<p><\/p>\n","protected":false},"excerpt":{"rendered":"<p>Until the day she suffers a terrible car accident that turns her life completely upside down, C\u00e9line, a young woman in her thirties, has had a clear and very happy life: a blooming youth, successful studies, a husband she loves, healthy children, an interesting job&#8230; What else could she dream of? But fate strikes, forcing [&hellip;]<\/p>\n","protected":false},"author":1,"featured_media":0,"parent":0,"menu_order":0,"comment_status":"closed","ping_status":"closed","template":"","meta":{"footnotes":""},"class_list":["post-76","page","type-page","status-publish","hentry"],"_links":{"self":[{"href":"https:\/\/dewez.org\/index.php?rest_route=\/wp\/v2\/pages\/76","targetHints":{"allow":["GET"]}}],"collection":[{"href":"https:\/\/dewez.org\/index.php?rest_route=\/wp\/v2\/pages"}],"about":[{"href":"https:\/\/dewez.org\/index.php?rest_route=\/wp\/v2\/types\/page"}],"author":[{"embeddable":true,"href":"https:\/\/dewez.org\/index.php?rest_route=\/wp\/v2\/users\/1"}],"replies":[{"embeddable":true,"href":"https:\/\/dewez.org\/index.php?rest_route=%2Fwp%2Fv2%2Fcomments&post=76"}],"version-history":[{"count":14,"href":"https:\/\/dewez.org\/index.php?rest_route=\/wp\/v2\/pages\/76\/revisions"}],"predecessor-version":[{"id":125,"href":"https:\/\/dewez.org\/index.php?rest_route=\/wp\/v2\/pages\/76\/revisions\/125"}],"wp:attachment":[{"href":"https:\/\/dewez.org\/index.php?rest_route=%2Fwp%2Fv2%2Fmedia&parent=76"}],"curies":[{"name":"wp","href":"https:\/\/api.w.org\/{rel}","templated":true}]}}